{"id":236730,"date":"2021-09-20T14:42:16","date_gmt":"2021-09-20T12:42:16","guid":{"rendered":"https:\/\/www.werkenbijdasko.nl\/privacy-statement\/"},"modified":"2023-06-13T16:12:29","modified_gmt":"2023-06-13T14:12:29","slug":"datenschutzerklaerung","status":"publish","type":"page","link":"https:\/\/www.werkenbijdasko.nl\/de\/datenschutzerklaerung\/","title":{"rendered":"Erkl\u00e4rung zum Datenschutz"},"content":{"rendered":"<h1>Erkl\u00e4rung zum Datenschutz Dasko Group B.V.<\/h1>\n<p>Version 0.1 &#8211; Diese Seite wurde zuletzt am 09-06-2023 ge\u00e4ndert.<\/p>\n<p>Dasko Groep B.V.<br \/>\nBedrijvenpark Twente 341<br \/>\n7602 KL Almelo<\/p>\n<p>Diese Datenschutzerkl\u00e4rung gilt f\u00fcr die Dienstleistungen der Dasko Groep B.V.<\/p>\n<p>Durch die Nutzung dieser Website erkl\u00e4ren Sie sich mit der Datenschutzpolitik einverstanden. Wir sind uns bewusst, dass Sie Ihr Vertrauen in uns setzen. Wir sehen es daher als unsere Verantwortung an, Ihre Privatsph\u00e4re zu sch\u00fctzen. Auf dieser Seite erfahren Sie, welche Daten wir sammeln, wenn Sie unsere Website nutzen, warum wir diese Daten sammeln und wie wir sie verwenden, um Ihre Nutzererfahrung zu verbessern.<\/p>\n<h3>Von uns verarbeitete personenbezogene Daten<\/h3>\n<p>Die Dasko Groep B.V. verarbeitet Ihre personenbezogenen Daten, wenn Sie unsere Dienste in Anspruch nehmen und\/oder wenn Sie uns diese selbst zur Verf\u00fcgung stellen. Die Daten werden auf den eigenen sicheren Servern der Dasko Groep B.V. gespeichert. Wir werden diese Daten nicht mit anderen personenbezogenen Daten in unserem Besitz kombinieren.<\/p>\n<p>Wir verarbeiten die folgenden Daten von Ihnen:<\/p>\n<ul>\n<li>Vorname und Nachname<\/li>\n<li>Themen der Kontaktanfragen<\/li>\n<li>Angaben zur Adresse<\/li>\n<li>Rufnummer<\/li>\n<li>E-Mail Adresse<\/li>\n<\/ul>\n<p><strong>Besondere und\/oder sensible personenbezogene Daten<\/strong><\/p>\n<p>Unsere Website und\/oder unser Dienst haben nicht die Absicht, Daten von Website-Besuchern zu sammeln, die unter 16 Jahre alt sind. Es sei denn, sie haben die Zustimmung ihrer Eltern oder Erziehungsberechtigten. Wir k\u00f6nnen jedoch nicht \u00fcberpr\u00fcfen, ob ein Besucher \u00e4lter als 16 Jahre ist. Wir raten daher den Eltern, die Online-Aktivit\u00e4ten ihrer Kinder zu \u00fcberwachen, um zu vermeiden, dass Daten von Kindern ohne elterliche Zustimmung erfasst werden. Wenn Sie glauben, dass wir personenbezogene Daten \u00fcber einen Minderj\u00e4hrigen ohne eine solche Zustimmung gesammelt haben, kontaktieren Sie uns bitte unter hr@dasko.nl und wir werden diese Informationen l\u00f6schen.<\/p>\n<h3>Zweckbestimmung Ihrer personenbezogenen Daten<\/h3>\n<p>Wir sammeln oder verwenden keine Informationen f\u00fcr andere als die in dieser Datenschutzerkl\u00e4rung beschriebenen Zwecke, es sei denn, wir haben Ihre vorherige Zustimmung eingeholt.<\/p>\n<p>Die Dasko Groep B.V. verarbeitet Ihre personenbezogenen Daten f\u00fcr die folgenden Zwecke:<\/p>\n<ul>\n<li>Zusendung unseres Newsletters und\/oder Werbeprospekts<\/li>\n<li>Sie anzurufen oder per E-Mail zu kontaktieren, wenn dies zur Erbringung unserer Dienstleistungen erforderlich ist<\/li>\n<li>Information \u00fcber \u00c4nderungen an unseren Dienstleistungen und Produkten<\/li>\n<li>Um Ihnen Waren und Dienstleistungen zu liefern<\/li>\n<\/ul>\n<h3>Wie lange wir personenbezogene Daten aufbewahren<\/h3>\n<p>Die Dasko Groep B.V. bewahrt Ihre pers\u00f6nlichen Daten nicht l\u00e4nger auf, als es unbedingt notwendig ist, um die Zwecke, f\u00fcr die Ihre Daten erhoben wurden, zu erf\u00fcllen. Ihre Daten werden nicht l\u00e4nger als 3 Monate aufbewahrt, wenn kein Vertrag mit Ihnen geschlossen wird.<\/p>\n<h3>Weitergabe personenbezogener Daten an Dritte<\/h3>\n<p>Die Dasko Groep B.V. verkauft Ihre Daten nicht an Dritte und gibt sie nur weiter, wenn dies f\u00fcr die Ausf\u00fchrung unseres Vertrags mit Ihnen oder zur Erf\u00fcllung einer gesetzlichen Verpflichtung erforderlich ist. In einigen F\u00e4llen k\u00f6nnen Informationen intern weitergegeben werden. Unsere Mitarbeiter sind verpflichtet, die Vertraulichkeit Ihrer Daten zu wahren. Mit Unternehmen, die Ihre Daten in unserem Auftrag verarbeiten, schlie\u00dfen wir einen Verarbeitungsvertrag ab, um das gleiche Niveau an Sicherheit und Vertraulichkeit Ihrer Daten zu gew\u00e4hrleisten. Die Dasko Groep B.V. bleibt f\u00fcr diese Verarbeitung verantwortlich.<\/p>\n<h3>Daten ansehen, \u00e4ndern oder l\u00f6schen<\/h3>\n<p>Sie haben das Recht, Ihre personenbezogenen Daten einzusehen, zu korrigieren oder zu l\u00f6schen. Sie haben auch das Recht, Ihre eventuelle Zustimmung zur Datenverarbeitung zur\u00fcckzuziehen oder der Verarbeitung Ihrer personenbezogenen Daten durch Dasko Groep B.V. zu widersprechen. Sie haben auch das Recht auf Daten\u00fcbertragbarkeit.<\/p>\n<h4><strong>Service-Newsletter anpassen\/abbestellen<\/strong><\/h4>\n<p>Am Ende jedes Mailings finden Sie die M\u00f6glichkeit, Ihre Angaben zu bearbeiten oder sich abzumelden.<\/p>\n<h4><strong>Kommunikation anpassen\/abbestellen<\/strong><\/h4>\n<p>Wenn Sie Ihre Daten \u00e4ndern oder l\u00f6schen m\u00f6chten, wenden Sie sich bitte an uns.<\/p>\n<p>Sie k\u00f6nnen einen Antrag auf Zugang, Berichtigung, L\u00f6schung oder \u00dcbertragung Ihrer personenbezogenen Daten oder auf Widerruf Ihrer Einwilligung oder Widerspruch gegen die Verarbeitung Ihrer personenbezogenen Daten an <a href=\"mailto:info@dasko.nl\">info@dasko.nl richten.<\/a><\/p>\n<p>Die Dasko Groep B.V. m\u00f6chte Sie auch dar\u00fcber informieren, dass Sie die M\u00f6glichkeit haben, eine Beschwerde bei der nationalen Aufsichtsbeh\u00f6rde, der Beh\u00f6rde f\u00fcr personenbezogene Daten, einzureichen. Sie k\u00f6nnen dies \u00fcber den folgenden Link tun: <a href=\"https:\/\/autoriteitpersoonsgegevens.nl\/nl\/contact-met-de-autoriteit-persoonsgegevens\/tip-ons\">https:\/\/autoriteitpersoonsgegevens.nl\/nl\/contact-met-de-autoriteit-persoonsgegevens\/tip-ons<\/a><\/p>\n<h3>Sicherheit personenbezogener Daten<\/h3>\n<p>Die Dasko Groep B.V. nimmt den Schutz Ihrer Daten ernst und ergreift geeignete Ma\u00dfnahmen, um Missbrauch, Verlust, unbefugten Zugriff, unerw\u00fcnschte Offenlegung und unbefugte \u00c4nderung zu verhindern. Die Website der Dasko Groep B.V. verwendet ein zuverl\u00e4ssiges SSL-Zertifikat, um sicherzustellen, dass Ihre pers\u00f6nlichen Daten nicht in die falschen H\u00e4nde geraten.<\/p>\n<p>Wenn Sie das Gef\u00fchl haben, dass Ihre Daten noch immer nicht sicher sind oder es Anzeichen f\u00fcr einen Missbrauch gibt, kontaktieren Sie uns bitte unter <a href=\"mailto:hr@dasko.nl\">info@dasko.nl<\/a><\/p>\n<h3>Cookies oder \u00e4hnliche Techniken, die wir verwenden<\/h3>\n<p>Die Dasko Groep B.V. verwendet ausschlie\u00dflich technische, funktionelle und analytische Cookies, die nicht in Ihre Privatsph\u00e4re eingreifen. Ein Cookie ist eine kleine Textdatei, die auf Ihrem Computer, Tablet oder Smartphone gespeichert wird, wenn Sie diese Website zum ersten Mal besuchen. Die von uns verwendeten Cookies sind f\u00fcr den technischen Betrieb der Website und Ihre Benutzerfreundlichkeit notwendig. Sie sorgen daf\u00fcr, dass die Website ordnungsgem\u00e4\u00df funktioniert und merken sich zum Beispiel Ihre Pr\u00e4ferenzen. Au\u00dferdem erm\u00f6glichen sie uns, unsere Website zu optimieren.<\/p>\n<p>Die Cookies speichern unter anderem die IP-Adresse Ihres Computers, den Zeitpunkt des Abrufs und Daten, die Ihr Browser sendet. Diese Daten werden so weit wie m\u00f6glich anonymisiert und werden nicht an Dritte weitergegeben.<\/p>\n<h1><\/h1>\n<p><strong><em>\u00a0<\/em><\/strong><\/p>\n<h4><strong>Google Analytics<\/strong><\/h4>\n<p>Dasko Groep B.V. verwendet Google Analytics, um zu verfolgen, wie die Nutzer die Website nutzen und wie effektiv die Adwords-Anzeigen der Dasko Groep B.V. auf den Google-Suchergebnisseiten sind.<\/p>\n<p>Bitte lesen Sie die Datenschutzbestimmungen von Google f\u00fcr weitere Informationen. Diese k\u00f6nnen Sie unter folgendem Link abrufen: <a href=\"https:\/\/policies.google.com\/privacy?hl=nl\">https:<\/a>\/\/policies.google.com\/privacy?hl=nl. Hier finden Sie auch die Datenschutzbestimmungen von Google Analytics. Google verwendet diese Informationen, um zu verfolgen, wie unsere Website genutzt wird, um Dasko Groep B.V. Berichte \u00fcber die Website zur Verf\u00fcgung zu stellen und um seinen Werbekunden Informationen \u00fcber die Wirksamkeit ihrer Kampagnen zu bieten.<\/p>\n<p>Auch wird Google diese Informationen gegebenenfalls an Dritte \u00fcbertragen, sofern dies gesetzlich vorgeschrieben ist oder soweit Dritte diese Daten im Auftrag von Google verarbeiten. Die Dasko Groep B.V. hat hierauf keinen Einfluss. Dasko Groep B.V. hat Google nicht die Erlaubnis erteilt, die durch Dasko Groep B.V. erhaltenen Analytics-Informationen f\u00fcr andere Google-Dienste zu verwenden.<\/p>\n<h4><strong>Cookies deaktivieren<\/strong><\/h4>\n<p>Sie k\u00f6nnen die Verwendung von Cookies ablehnen, indem Sie Ihren Internet-Browser so einstellen, dass keine Cookies mehr gespeichert werden. Dar\u00fcber hinaus k\u00f6nnen Sie \u00fcber die Einstellungen Ihres Browsers alle zuvor gespeicherten Informationen l\u00f6schen.<\/p>\n<h3>Fragen und Feedback<\/h3>\n<p>Wir \u00fcberpr\u00fcfen regelm\u00e4\u00dfig, ob wir diese Datenschutzerkl\u00e4rung noch einhalten. Haben Sie Fragen oder Anmerkungen zu dieser Erkl\u00e4rung oder ihrer Umsetzung? Dann kontaktieren Sie uns bitte unter:<\/p>\n<p>Dasko Groep B.V.<br \/>\nBedrijvenpark Twente 341<br \/>\n7602KL Almelo<br \/>\n0546 561 005<br \/>\ninfo@dasko.nl<\/p>\n","protected":false},"excerpt":{"rendered":"<p>Erkl\u00e4rung zum Datenschutz Dasko Group B.V. Version 0.1 &#8211; Diese Seite wurde zuletzt am 09-06-2023 ge\u00e4ndert. Dasko Groep B.V. Bedrijvenpark Twente 341 7602 KL Almelo Diese Datenschutzerkl\u00e4rung gilt f\u00fcr die Dienstleistungen der Dasko Groep B.V. Durch die Nutzung dieser Website erkl\u00e4ren Sie sich mit der Datenschutzpolitik einverstanden. Wir sind uns bewusst, dass Sie Ihr Vertrauen [&hellip;]<\/p>\n","protected":false},"author":14,"featured_media":0,"parent":0,"menu_order":0,"comment_status":"closed","ping_status":"open","template":"","meta":{"_acf_changed":false,"footnotes":""},"class_list":["post-236730","page","type-page","status-publish","hentry"],"acf":[],"yoast_head":"<!-- This site is optimized with the Yoast SEO plugin v27.4 - https:\/\/yoast.com\/product\/yoast-seo-wordpress\/ -->\n<title>Erkl\u00e4rung zum Datenschutz - Werken bij Dasko<\/title>\n<meta name=\"robots\" content=\"noindex, follow\" \/>\n<meta property=\"og:locale\" content=\"de_DE\" \/>\n<meta property=\"og:type\" content=\"article\" \/>\n<meta property=\"og:title\" content=\"Erkl\u00e4rung zum Datenschutz - Werken bij Dasko\" \/>\n<meta property=\"og:description\" content=\"Erkl\u00e4rung zum Datenschutz Dasko Group B.V. Version 0.1 &#8211; Diese Seite wurde zuletzt am 09-06-2023 ge\u00e4ndert. Dasko Groep B.V. Bedrijvenpark Twente 341 7602 KL Almelo Diese Datenschutzerkl\u00e4rung gilt f\u00fcr die Dienstleistungen der Dasko Groep B.V. Durch die Nutzung dieser Website erkl\u00e4ren Sie sich mit der Datenschutzpolitik einverstanden. Wir sind uns bewusst, dass Sie Ihr Vertrauen [&hellip;]\" \/>\n<meta property=\"og:url\" content=\"https:\/\/www.werkenbijdasko.nl\/de\/datenschutzerklaerung\/\" \/>\n<meta property=\"og:site_name\" content=\"Werken bij Dasko\" \/>\n<meta property=\"article:modified_time\" content=\"2023-06-13T14:12:29+00:00\" \/>\n<meta name=\"twitter:card\" content=\"summary_large_image\" \/>\n<meta name=\"twitter:label1\" content=\"Gesch\u00e4tzte Lesezeit\" \/>\n\t<meta name=\"twitter:data1\" content=\"6\u00a0Minuten\" \/>\n<script type=\"application\/ld+json\" class=\"yoast-schema-graph\">{\"@context\":\"https:\\\/\\\/schema.org\",\"@graph\":[{\"@type\":\"WebPage\",\"@id\":\"https:\\\/\\\/www.werkenbijdasko.nl\\\/de\\\/datenschutzerklaerung\\\/\",\"url\":\"https:\\\/\\\/www.werkenbijdasko.nl\\\/de\\\/datenschutzerklaerung\\\/\",\"name\":\"Erkl\u00e4rung zum Datenschutz - Werken bij Dasko\",\"isPartOf\":{\"@id\":\"https:\\\/\\\/www.werkenbijdasko.nl\\\/#website\"},\"datePublished\":\"2021-09-20T12:42:16+00:00\",\"dateModified\":\"2023-06-13T14:12:29+00:00\",\"breadcrumb\":{\"@id\":\"https:\\\/\\\/www.werkenbijdasko.nl\\\/de\\\/datenschutzerklaerung\\\/#breadcrumb\"},\"inLanguage\":\"de\",\"potentialAction\":[{\"@type\":\"ReadAction\",\"target\":[\"https:\\\/\\\/www.werkenbijdasko.nl\\\/de\\\/datenschutzerklaerung\\\/\"]}]},{\"@type\":\"BreadcrumbList\",\"@id\":\"https:\\\/\\\/www.werkenbijdasko.nl\\\/de\\\/datenschutzerklaerung\\\/#breadcrumb\",\"itemListElement\":[{\"@type\":\"ListItem\",\"position\":1,\"name\":\"Home\",\"item\":\"https:\\\/\\\/www.werkenbijdasko.nl\\\/de\\\/\"},{\"@type\":\"ListItem\",\"position\":2,\"name\":\"Erkl\u00e4rung zum Datenschutz\"}]},{\"@type\":\"WebSite\",\"@id\":\"https:\\\/\\\/www.werkenbijdasko.nl\\\/#website\",\"url\":\"https:\\\/\\\/www.werkenbijdasko.nl\\\/\",\"name\":\"Werken bij Dasko\",\"description\":\"Een familiebedrijf met een informele sfeer\",\"publisher\":{\"@id\":\"https:\\\/\\\/www.werkenbijdasko.nl\\\/#organization\"},\"potentialAction\":[{\"@type\":\"SearchAction\",\"target\":{\"@type\":\"EntryPoint\",\"urlTemplate\":\"https:\\\/\\\/www.werkenbijdasko.nl\\\/?s={search_term_string}\"},\"query-input\":{\"@type\":\"PropertyValueSpecification\",\"valueRequired\":true,\"valueName\":\"search_term_string\"}}],\"inLanguage\":\"de\"},{\"@type\":\"Organization\",\"@id\":\"https:\\\/\\\/www.werkenbijdasko.nl\\\/#organization\",\"name\":\"Dasko\",\"url\":\"https:\\\/\\\/www.werkenbijdasko.nl\\\/\",\"logo\":{\"@type\":\"ImageObject\",\"inLanguage\":\"de\",\"@id\":\"https:\\\/\\\/www.werkenbijdasko.nl\\\/#\\\/schema\\\/logo\\\/image\\\/\",\"url\":\"https:\\\/\\\/www.werkenbijdasko.nl\\\/wp-content\\\/uploads\\\/2021\\\/10\\\/dasko.jpg\",\"contentUrl\":\"https:\\\/\\\/www.werkenbijdasko.nl\\\/wp-content\\\/uploads\\\/2021\\\/10\\\/dasko.jpg\",\"width\":469,\"height\":200,\"caption\":\"Dasko\"},\"image\":{\"@id\":\"https:\\\/\\\/www.werkenbijdasko.nl\\\/#\\\/schema\\\/logo\\\/image\\\/\"}}]}<\/script>\n<!-- \/ Yoast SEO plugin. -->","yoast_head_json":{"title":"Erkl\u00e4rung zum Datenschutz - Werken bij Dasko","robots":{"index":"noindex","follow":"follow"},"og_locale":"de_DE","og_type":"article","og_title":"Erkl\u00e4rung zum Datenschutz - Werken bij Dasko","og_description":"Erkl\u00e4rung zum Datenschutz Dasko Group B.V. Version 0.1 &#8211; Diese Seite wurde zuletzt am 09-06-2023 ge\u00e4ndert. Dasko Groep B.V. Bedrijvenpark Twente 341 7602 KL Almelo Diese Datenschutzerkl\u00e4rung gilt f\u00fcr die Dienstleistungen der Dasko Groep B.V. Durch die Nutzung dieser Website erkl\u00e4ren Sie sich mit der Datenschutzpolitik einverstanden. Wir sind uns bewusst, dass Sie Ihr Vertrauen [&hellip;]","og_url":"https:\/\/www.werkenbijdasko.nl\/de\/datenschutzerklaerung\/","og_site_name":"Werken bij Dasko","article_modified_time":"2023-06-13T14:12:29+00:00","twitter_card":"summary_large_image","twitter_misc":{"Gesch\u00e4tzte Lesezeit":"6\u00a0Minuten"},"schema":{"@context":"https:\/\/schema.org","@graph":[{"@type":"WebPage","@id":"https:\/\/www.werkenbijdasko.nl\/de\/datenschutzerklaerung\/","url":"https:\/\/www.werkenbijdasko.nl\/de\/datenschutzerklaerung\/","name":"Erkl\u00e4rung zum Datenschutz - Werken bij Dasko","isPartOf":{"@id":"https:\/\/www.werkenbijdasko.nl\/#website"},"datePublished":"2021-09-20T12:42:16+00:00","dateModified":"2023-06-13T14:12:29+00:00","breadcrumb":{"@id":"https:\/\/www.werkenbijdasko.nl\/de\/datenschutzerklaerung\/#breadcrumb"},"inLanguage":"de","potentialAction":[{"@type":"ReadAction","target":["https:\/\/www.werkenbijdasko.nl\/de\/datenschutzerklaerung\/"]}]},{"@type":"BreadcrumbList","@id":"https:\/\/www.werkenbijdasko.nl\/de\/datenschutzerklaerung\/#breadcrumb","itemListElement":[{"@type":"ListItem","position":1,"name":"Home","item":"https:\/\/www.werkenbijdasko.nl\/de\/"},{"@type":"ListItem","position":2,"name":"Erkl\u00e4rung zum Datenschutz"}]},{"@type":"WebSite","@id":"https:\/\/www.werkenbijdasko.nl\/#website","url":"https:\/\/www.werkenbijdasko.nl\/","name":"Werken bij Dasko","description":"Een familiebedrijf met een informele sfeer","publisher":{"@id":"https:\/\/www.werkenbijdasko.nl\/#organization"},"potentialAction":[{"@type":"SearchAction","target":{"@type":"EntryPoint","urlTemplate":"https:\/\/www.werkenbijdasko.nl\/?s={search_term_string}"},"query-input":{"@type":"PropertyValueSpecification","valueRequired":true,"valueName":"search_term_string"}}],"inLanguage":"de"},{"@type":"Organization","@id":"https:\/\/www.werkenbijdasko.nl\/#organization","name":"Dasko","url":"https:\/\/www.werkenbijdasko.nl\/","logo":{"@type":"ImageObject","inLanguage":"de","@id":"https:\/\/www.werkenbijdasko.nl\/#\/schema\/logo\/image\/","url":"https:\/\/www.werkenbijdasko.nl\/wp-content\/uploads\/2021\/10\/dasko.jpg","contentUrl":"https:\/\/www.werkenbijdasko.nl\/wp-content\/uploads\/2021\/10\/dasko.jpg","width":469,"height":200,"caption":"Dasko"},"image":{"@id":"https:\/\/www.werkenbijdasko.nl\/#\/schema\/logo\/image\/"}}]}},"_links":{"self":[{"href":"https:\/\/www.werkenbijdasko.nl\/de\/wp-json\/wp\/v2\/pages\/236730","targetHints":{"allow":["GET"]}}],"collection":[{"href":"https:\/\/www.werkenbijdasko.nl\/de\/wp-json\/wp\/v2\/pages"}],"about":[{"href":"https:\/\/www.werkenbijdasko.nl\/de\/wp-json\/wp\/v2\/types\/page"}],"author":[{"embeddable":true,"href":"https:\/\/www.werkenbijdasko.nl\/de\/wp-json\/wp\/v2\/users\/14"}],"replies":[{"embeddable":true,"href":"https:\/\/www.werkenbijdasko.nl\/de\/wp-json\/wp\/v2\/comments?post=236730"}],"version-history":[{"count":0,"href":"https:\/\/www.werkenbijdasko.nl\/de\/wp-json\/wp\/v2\/pages\/236730\/revisions"}],"wp:attachment":[{"href":"https:\/\/www.werkenbijdasko.nl\/de\/wp-json\/wp\/v2\/media?parent=236730"}],"curies":[{"name":"wp","href":"https:\/\/api.w.org\/{rel}","templated":true}]}}