{"id":262896,"date":"2021-09-20T14:42:16","date_gmt":"2021-09-20T12:42:16","guid":{"rendered":"https:\/\/www.werkenbijdasko.nl\/oswiadczenie-o-ochronie-danych\/"},"modified":"2021-09-20T14:42:16","modified_gmt":"2021-09-20T12:42:16","slug":"oswiadczenie-o-ochronie-danych","status":"publish","type":"page","link":"https:\/\/www.werkenbijdasko.nl\/pl\/oswiadczenie-o-ochronie-danych\/","title":{"rendered":"O\u015bwiadczenie o ochronie danych"},"content":{"rendered":"<h1>O\u015bwiadczenie o ochronie danych<\/h1>\n<h3>O\u015bwiadczenie o ochronie prywatno\u015bci Grupa Dasko B.V.<\/h3>\n<p>Wersja 0.1 &#8211; T\u0119 stron\u0119 ostatnio zmodyfikowano 09-06-2023.<\/p>\n<p>Dasko Groep B.V.<br \/>\nBedrijvenpark Twente 341<br \/>\n7602 KL Almelo<\/p>\n<p>Niniejsza polityka prywatno\u015bci ma zastosowanie do us\u0142ug Dasko Groep B.V. Korzystaj\u0105c z tej witryny, wyra\u017casz zgod\u0119 na polityk\u0119 prywatno\u015bci. Zdajemy sobie spraw\u0119, \u017ce obdarzaj\u0105 nas Pa\u0144stwo zaufaniem. Dlatego uwa\u017camy, \u017ce naszym obowi\u0105zkiem jest ochrona Twojej prywatno\u015bci. Na tej stronie dowiesz si\u0119, jakie dane zbieramy, gdy korzystasz z naszej strony internetowej, dlaczego zbieramy te dane i jak je wykorzystujemy, aby poprawi\u0107 komfort u\u017cytkowania.<\/p>\n<h3>Dane osobowe przetwarzane przez nas<\/h3>\n<p>Dasko Groep B.V. przetwarza Twoje dane osobowe, gdy korzystasz z naszych us\u0142ug i\/lub gdy sam nam je przekazujesz. Dane te s\u0105 przechowywane na bezpiecznych serwerach Dasko Groep B.V. Nie \u0142\u0105czymy tych danych z innymi danymi osobowymi b\u0119d\u0105cymi w naszym posiadaniu.<\/p>\n<p>Przetwarzamy nast\u0119puj\u0105ce dane u\u017cytkownika:<\/p>\n<ul>\n<li>Lmi\u0119 i nazwisko<\/li>\n<li>Tematy pr\u00f3\u015bb o kontakt<\/li>\n<li>Dane adresowe<\/li>\n<li>Numer telefonu<\/li>\n<li>Adres e-mail<\/li>\n<\/ul>\n<h3>Specjalne i\/lub wra\u017cliwe dane osobowe<\/h3>\n<p>Nasza witryna internetowa i\/lub us\u0142uga nie maj\u0105 na celu gromadzenia danych od os\u00f3b odwiedzaj\u0105cych witryn\u0119, kt\u00f3re nie uko\u0144czy\u0142y 16 roku \u017cycia. Chyba \u017ce maj\u0105 zgod\u0119 rodzica lub opiekuna. Nie mo\u017cemy jednak zweryfikowa\u0107, czy odwiedzaj\u0105cy ma uko\u0144czone 16 lat. Dlatego zalecamy rodzicom monitorowanie aktywno\u015bci online ich dzieci, aby unikn\u0105\u0107 gromadzenia danych od dzieci bez zgody rodzic\u00f3w. Je\u015bli uwa\u017casz, \u017ce zebrali\u015bmy dane osobowe osoby niepe\u0142noletniej bez takiej zgody, skontaktuj si\u0119 z nami pod adresem hr@dasko.nl, a my usuniemy te informacje.<\/p>\n<h3>Cel danych osobowych u\u017cytkownika<\/h3>\n<p>Nie gromadzimy ani nie wykorzystujemy informacji do cel\u00f3w innych ni\u017c opisane w niniejszej Polityce prywatno\u015bci, chyba \u017ce uzyskamy uprzedni\u0105 zgod\u0119 u\u017cytkownika.<\/p>\n<p>Dasko Groep B.V. przetwarza dane osobowe u\u017cytkownik\u00f3w w nast\u0119puj\u0105cych celach:<\/p>\n<ul>\n<li>Otrzymywanie naszego biuletynu i\/lub broszury promocyjnej<\/li>\n<li>Aby zadzwoni\u0107 lub wys\u0142a\u0107 wiadomo\u015b\u0107 e-mail, je\u015bli jest to konieczne do \u015bwiadczenia naszych us\u0142ug<\/li>\n<li>Informacje o zmianach w naszych us\u0142ugach i produktach<\/li>\n<li>Dostarczanie u\u017cytkownikowi towar\u00f3w i us\u0142ug<\/li>\n<\/ul>\n<h3>Jak d\u0142ugo przechowujemy dane osobowe<\/h3>\n<p>Dasko Groep B.V. nie przechowuje danych osobowych d\u0142u\u017cej, ni\u017c jest to bezwzgl\u0119dnie konieczne do realizacji cel\u00f3w, dla kt\u00f3rych dane te zosta\u0142y zgromadzone. Dane nie b\u0119d\u0105 przechowywane przez okres d\u0142u\u017cszy ni\u017c 3 miesi\u0105ce, je\u015bli nie zawarto z u\u017cytkownikiem \u017cadnej umowy.<\/p>\n<h3>Ujawnianie danych osobowych stronom trzecim<\/h3>\n<p>Dasko Groep B.V. nie sprzedaje informacji o u\u017cytkowniku stronom trzecim i udost\u0119pnia je tylko wtedy, gdy jest to konieczne do wykonania umowy z u\u017cytkownikiem lub do spe\u0142nienia obowi\u0105zku prawnego. W niekt\u00f3rych przypadkach informacje mog\u0105 by\u0107 udost\u0119pniane wewn\u0119trznie. Nasi pracownicy s\u0105 zobowi\u0105zani do zachowania poufno\u015bci danych u\u017cytkownika. Zawieramy umowy o przetwarzanie danych z firmami, kt\u00f3re przetwarzaj\u0105 dane w naszym imieniu, aby zapewni\u0107 ten sam poziom bezpiecze\u0144stwa i poufno\u015bci danych. Dasko Groep B.V. pozostaje odpowiedzialna za to przetwarzanie.<\/p>\n<h3>Wy\u015bwietlanie, zmiana lub usuwanie danych<\/h3>\n<p>U\u017cytkownik ma prawo dost\u0119pu do swoich danych osobowych, ich poprawiania lub usuni\u0119cia. U\u017cytkownik ma r\u00f3wnie\u017c prawo do wycofania ewentualnej zgody na przetwarzanie danych lub wniesienia sprzeciwu wobec przetwarzania jego danych osobowych przez Dasko Groep B.V. oraz prawo do przenoszenia danych.<\/p>\n<h4>Dostosowywanie \/ rezygnacja z subskrypcji biuletynu us\u0142ugi<\/h4>\n<p>Na ko\u0144cu ka\u017cdego mailingu znajduje si\u0119 opcja edycji danych lub rezygnacji z subskrypcji.<\/p>\n<h4>Dostosowanie \/ anulowanie komunikacji<\/h4>\n<p>Je\u015bli chcesz zmieni\u0107 lub usun\u0105\u0107 swoje dane, skontaktuj si\u0119 z nami pod adresem.<\/p>\n<p>U\u017cytkownik mo\u017ce przes\u0142a\u0107 na adres<a href=\"mailto:info@dasko.nl\"> info@dasko.nl<\/a> wniosek o dost\u0119p do swoich danych osobowych, ich sprostowanie, usuni\u0119cie lub przeniesienie, a tak\u017ce wniosek o wycofanie zgody lub sprzeciw wobec przetwarzania danych osobowych.<\/p>\n<p>Dasko Groep B.V. pragnie r\u00f3wnie\u017c poinformowa\u0107, \u017ce u\u017cytkownik ma mo\u017cliwo\u015b\u0107 z\u0142o\u017cenia skargi do krajowego organu nadzorczego, Urz\u0119du Danych Osobowych. Mo\u017cna to zrobi\u0107 za po\u015brednictwem nast\u0119puj\u0105cego \u0142\u0105cza: <a href=\"https:\/\/autoriteitpersoonsgegevens.nl\/nl\/contact-met-de-autoriteit-persoonsgegevens\/tip-ons\">https:\/\/autoriteitpersoonsgegevens.nl\/nl\/contact-met-de-autoriteit-persoonsgegevens\/tip-ons<\/a><\/p>\n<h3>Bezpiecze\u0144stwo danych osobowych<\/h3>\n<p>Dasko Groep B.V. powa\u017cnie traktuje ochron\u0119 danych u\u017cytkownik\u00f3w i podejmuje odpowiednie \u015brodki, aby zapobiec ich niew\u0142a\u015bciwemu wykorzystaniu, utracie, nieupowa\u017cnionemu dost\u0119powi, niepo\u017c\u0105danemu ujawnieniu i nieupowa\u017cnionej modyfikacji. Witryna Dasko Groep B.V. korzysta z niezawodnego certyfikatu SSL, aby zapewni\u0107, \u017ce dane osobowe u\u017cytkownika nie dostan\u0105 si\u0119 w niepowo\u0142ane r\u0119ce.<\/p>\n<p>Je\u015bli uwa\u017casz, \u017ce Twoje dane nadal nie s\u0105 bezpieczne lub istniej\u0105 oznaki niew\u0142a\u015bciwego wykorzystania, skontaktuj si\u0119 z nami pod adresem <a href=\"mailto:info@dasko.nl\">info@dasko.nl<\/a>.<\/p>\n<h3>Pliki cookie lub podobne techniki, z kt\u00f3rych korzystamy<\/h3>\n<p>Dasko Groep B.V. wykorzystuje wy\u0142\u0105cznie techniczne, funkcjonalne i analityczne pliki cookie, kt\u00f3re nie naruszaj\u0105 prywatno\u015bci u\u017cytkownika. Plik cookie to niewielki plik tekstowy, kt\u00f3ry jest zapisywany na komputerze, tablecie lub smartfonie u\u017cytkownika podczas pierwszej wizyty na tej stronie internetowej. Pliki cookie, kt\u00f3rych u\u017cywamy, s\u0105 niezb\u0119dne do technicznego dzia\u0142ania strony internetowej i do\u015bwiadczenia u\u017cytkownika. Zapewniaj\u0105 one na przyk\u0142ad prawid\u0142owe dzia\u0142anie witryny i zapami\u0119tywanie preferencji u\u017cytkownika. Umo\u017cliwiaj\u0105 nam r\u00f3wnie\u017c optymalizacj\u0119 naszej strony internetowej.<\/p>\n<p>Pliki cookie przechowuj\u0105, mi\u0119dzy innymi, adres IP komputera u\u017cytkownika, czas pobrania i dane przes\u0142ane przez przegl\u0105dark\u0119. Dane te s\u0105 w miar\u0119 mo\u017cliwo\u015bci anonimizowane i nie s\u0105 przekazywane stronom trzecim.<\/p>\n<h4><strong>Google Analytics<\/strong><\/h4>\n<p>Dasko Groep B.V. korzysta z Google Analytics w celu \u015bledzenia sposobu, w jaki u\u017cytkownicy korzystaj\u0105 z witryny oraz skuteczno\u015bci reklam Adwords Dasko Groep B.V. na stronach wynik\u00f3w wyszukiwania Google.<\/p>\n<p>Wi\u0119cej informacji mo\u017cna znale\u017a\u0107 w polityce prywatno\u015bci Google. Dost\u0119p do niej mo\u017cna uzyska\u0107 pod nast\u0119puj\u0105cym linkiem:<a href=\"https:\/\/policies.google.com\/privacy?hl=nl\"> https:\/\/policies.google.com\/privacy?hl=nl<\/a>. Tutaj mo\u017cna r\u00f3wnie\u017c znale\u017a\u0107 polityk\u0119 prywatno\u015bci Google Analytics. Google wykorzystuje te informacje do \u015bledzenia sposobu korzystania z naszej strony internetowej, dostarczania Dasko Groep B.V. raport\u00f3w dotycz\u0105cych strony internetowej oraz dostarczania reklamodawcom informacji o skuteczno\u015bci ich kampanii.<\/p>\n<p>Google mo\u017ce r\u00f3wnie\u017c przekazywa\u0107 te informacje stronom trzecim, je\u015bli jest to wymagane przez prawo lub je\u015bli strony trzecie przetwarzaj\u0105 te informacje w imieniu Google. Dasko Groep B.V. nie ma na to wp\u0142ywu. Dasko Groep B.V. nie udzieli\u0142a Google zgody na wykorzystywanie informacji Analytics uzyskanych przez Dasko Groep B.V. do innych us\u0142ug Google.<\/p>\n<h4>Wy\u0142\u0105cz pliki cookie<\/h4>\n<p>U\u017cytkownik mo\u017ce odm\u00f3wi\u0107 korzystania z plik\u00f3w cookie, ustawiaj\u0105c przegl\u0105dark\u0119 internetow\u0105 w taki spos\u00f3b, aby pliki cookie nie by\u0142y ju\u017c przechowywane. Ponadto mo\u017cna usun\u0105\u0107 wszystkie wcze\u015bniej zapisane informacje za pomoc\u0105 ustawie\u0144 przegl\u0105darki.<\/p>\n<h3>Pytania i opinie<\/h3>\n<p>Regularnie sprawdzamy, czy nadal przestrzegamy niniejszego o\u015bwiadczenia o ochronie prywatno\u015bci. Czy masz jakie\u015b pytania lub uwagi dotycz\u0105ce niniejszego o\u015bwiadczenia lub jego wdro\u017cenia? Prosimy o kontakt pod adresem:<\/p>\n<p>Dasko Groep B.V.<br \/>\nBedrijvenpark Twente 341<br \/>\n7602KL Almelo<br \/>\n0546 561 005<br \/>\ninfo@dasko.nl<\/p>\n","protected":false},"excerpt":{"rendered":"<p>O\u015bwiadczenie o ochronie danych O\u015bwiadczenie o ochronie prywatno\u015bci Grupa Dasko B.V. Wersja 0.1 &#8211; T\u0119 stron\u0119 ostatnio zmodyfikowano 09-06-2023. Dasko Groep B.V. Bedrijvenpark Twente 341 7602 KL Almelo Niniejsza polityka prywatno\u015bci ma zastosowanie do us\u0142ug Dasko Groep B.V. Korzystaj\u0105c z tej witryny, wyra\u017casz zgod\u0119 na polityk\u0119 prywatno\u015bci. Zdajemy sobie spraw\u0119, \u017ce obdarzaj\u0105 nas Pa\u0144stwo zaufaniem. [&hellip;]<\/p>\n","protected":false},"author":14,"featured_media":0,"parent":0,"menu_order":0,"comment_status":"closed","ping_status":"open","template":"","meta":{"_acf_changed":false,"footnotes":""},"class_list":["post-262896","page","type-page","status-publish","hentry"],"acf":[],"yoast_head":"<!-- This site is optimized with the Yoast SEO plugin v27.4 - https:\/\/yoast.com\/product\/yoast-seo-wordpress\/ -->\n<title>O\u015bwiadczenie o ochronie danych - Werken bij Dasko<\/title>\n<meta name=\"robots\" content=\"noindex, follow\" \/>\n<meta property=\"og:locale\" content=\"pl_PL\" \/>\n<meta property=\"og:type\" content=\"article\" \/>\n<meta property=\"og:title\" content=\"O\u015bwiadczenie o ochronie danych - Werken bij Dasko\" \/>\n<meta property=\"og:description\" content=\"O\u015bwiadczenie o ochronie danych O\u015bwiadczenie o ochronie prywatno\u015bci Grupa Dasko B.V. Wersja 0.1 &#8211; T\u0119 stron\u0119 ostatnio zmodyfikowano 09-06-2023. Dasko Groep B.V. Bedrijvenpark Twente 341 7602 KL Almelo Niniejsza polityka prywatno\u015bci ma zastosowanie do us\u0142ug Dasko Groep B.V. Korzystaj\u0105c z tej witryny, wyra\u017casz zgod\u0119 na polityk\u0119 prywatno\u015bci. Zdajemy sobie spraw\u0119, \u017ce obdarzaj\u0105 nas Pa\u0144stwo zaufaniem. [&hellip;]\" \/>\n<meta property=\"og:url\" content=\"https:\/\/www.werkenbijdasko.nl\/privacy-statement\/\" \/>\n<meta property=\"og:site_name\" content=\"Werken bij Dasko\" \/>\n<meta name=\"twitter:card\" content=\"summary_large_image\" \/>\n<meta name=\"twitter:label1\" content=\"Szacowany czas czytania\" \/>\n\t<meta name=\"twitter:data1\" content=\"6 minut\" \/>\n<script type=\"application\/ld+json\" class=\"yoast-schema-graph\">{\"@context\":\"https:\\\/\\\/schema.org\",\"@graph\":[{\"@type\":\"WebPage\",\"@id\":\"https:\\\/\\\/www.werkenbijdasko.nl\\\/privacy-statement\\\/\",\"url\":\"https:\\\/\\\/www.werkenbijdasko.nl\\\/privacy-statement\\\/\",\"name\":\"O\u015bwiadczenie o ochronie danych - Werken bij Dasko\",\"isPartOf\":{\"@id\":\"https:\\\/\\\/www.werkenbijdasko.nl\\\/#website\"},\"datePublished\":\"2021-09-20T12:42:16+00:00\",\"breadcrumb\":{\"@id\":\"https:\\\/\\\/www.werkenbijdasko.nl\\\/privacy-statement\\\/#breadcrumb\"},\"inLanguage\":\"pl-PL\",\"potentialAction\":[{\"@type\":\"ReadAction\",\"target\":[\"https:\\\/\\\/www.werkenbijdasko.nl\\\/privacy-statement\\\/\"]}]},{\"@type\":\"BreadcrumbList\",\"@id\":\"https:\\\/\\\/www.werkenbijdasko.nl\\\/privacy-statement\\\/#breadcrumb\",\"itemListElement\":[{\"@type\":\"ListItem\",\"position\":1,\"name\":\"Home\",\"item\":\"https:\\\/\\\/www.werkenbijdasko.nl\\\/pl\\\/\"},{\"@type\":\"ListItem\",\"position\":2,\"name\":\"O\u015bwiadczenie o ochronie danych\"}]},{\"@type\":\"WebSite\",\"@id\":\"https:\\\/\\\/www.werkenbijdasko.nl\\\/#website\",\"url\":\"https:\\\/\\\/www.werkenbijdasko.nl\\\/\",\"name\":\"Werken bij Dasko\",\"description\":\"Een familiebedrijf met een informele sfeer\",\"publisher\":{\"@id\":\"https:\\\/\\\/www.werkenbijdasko.nl\\\/#organization\"},\"potentialAction\":[{\"@type\":\"SearchAction\",\"target\":{\"@type\":\"EntryPoint\",\"urlTemplate\":\"https:\\\/\\\/www.werkenbijdasko.nl\\\/?s={search_term_string}\"},\"query-input\":{\"@type\":\"PropertyValueSpecification\",\"valueRequired\":true,\"valueName\":\"search_term_string\"}}],\"inLanguage\":\"pl-PL\"},{\"@type\":\"Organization\",\"@id\":\"https:\\\/\\\/www.werkenbijdasko.nl\\\/#organization\",\"name\":\"Dasko\",\"url\":\"https:\\\/\\\/www.werkenbijdasko.nl\\\/\",\"logo\":{\"@type\":\"ImageObject\",\"inLanguage\":\"pl-PL\",\"@id\":\"https:\\\/\\\/www.werkenbijdasko.nl\\\/#\\\/schema\\\/logo\\\/image\\\/\",\"url\":\"https:\\\/\\\/www.werkenbijdasko.nl\\\/wp-content\\\/uploads\\\/2021\\\/10\\\/dasko.jpg\",\"contentUrl\":\"https:\\\/\\\/www.werkenbijdasko.nl\\\/wp-content\\\/uploads\\\/2021\\\/10\\\/dasko.jpg\",\"width\":469,\"height\":200,\"caption\":\"Dasko\"},\"image\":{\"@id\":\"https:\\\/\\\/www.werkenbijdasko.nl\\\/#\\\/schema\\\/logo\\\/image\\\/\"}}]}<\/script>\n<!-- \/ Yoast SEO plugin. -->","yoast_head_json":{"title":"O\u015bwiadczenie o ochronie danych - Werken bij Dasko","robots":{"index":"noindex","follow":"follow"},"og_locale":"pl_PL","og_type":"article","og_title":"O\u015bwiadczenie o ochronie danych - Werken bij Dasko","og_description":"O\u015bwiadczenie o ochronie danych O\u015bwiadczenie o ochronie prywatno\u015bci Grupa Dasko B.V. Wersja 0.1 &#8211; T\u0119 stron\u0119 ostatnio zmodyfikowano 09-06-2023. Dasko Groep B.V. Bedrijvenpark Twente 341 7602 KL Almelo Niniejsza polityka prywatno\u015bci ma zastosowanie do us\u0142ug Dasko Groep B.V. Korzystaj\u0105c z tej witryny, wyra\u017casz zgod\u0119 na polityk\u0119 prywatno\u015bci. Zdajemy sobie spraw\u0119, \u017ce obdarzaj\u0105 nas Pa\u0144stwo zaufaniem. [&hellip;]","og_url":"https:\/\/www.werkenbijdasko.nl\/privacy-statement\/","og_site_name":"Werken bij Dasko","twitter_card":"summary_large_image","twitter_misc":{"Szacowany czas czytania":"6 minut"},"schema":{"@context":"https:\/\/schema.org","@graph":[{"@type":"WebPage","@id":"https:\/\/www.werkenbijdasko.nl\/privacy-statement\/","url":"https:\/\/www.werkenbijdasko.nl\/privacy-statement\/","name":"O\u015bwiadczenie o ochronie danych - Werken bij Dasko","isPartOf":{"@id":"https:\/\/www.werkenbijdasko.nl\/#website"},"datePublished":"2021-09-20T12:42:16+00:00","breadcrumb":{"@id":"https:\/\/www.werkenbijdasko.nl\/privacy-statement\/#breadcrumb"},"inLanguage":"pl-PL","potentialAction":[{"@type":"ReadAction","target":["https:\/\/www.werkenbijdasko.nl\/privacy-statement\/"]}]},{"@type":"BreadcrumbList","@id":"https:\/\/www.werkenbijdasko.nl\/privacy-statement\/#breadcrumb","itemListElement":[{"@type":"ListItem","position":1,"name":"Home","item":"https:\/\/www.werkenbijdasko.nl\/pl\/"},{"@type":"ListItem","position":2,"name":"O\u015bwiadczenie o ochronie danych"}]},{"@type":"WebSite","@id":"https:\/\/www.werkenbijdasko.nl\/#website","url":"https:\/\/www.werkenbijdasko.nl\/","name":"Werken bij Dasko","description":"Een familiebedrijf met een informele sfeer","publisher":{"@id":"https:\/\/www.werkenbijdasko.nl\/#organization"},"potentialAction":[{"@type":"SearchAction","target":{"@type":"EntryPoint","urlTemplate":"https:\/\/www.werkenbijdasko.nl\/?s={search_term_string}"},"query-input":{"@type":"PropertyValueSpecification","valueRequired":true,"valueName":"search_term_string"}}],"inLanguage":"pl-PL"},{"@type":"Organization","@id":"https:\/\/www.werkenbijdasko.nl\/#organization","name":"Dasko","url":"https:\/\/www.werkenbijdasko.nl\/","logo":{"@type":"ImageObject","inLanguage":"pl-PL","@id":"https:\/\/www.werkenbijdasko.nl\/#\/schema\/logo\/image\/","url":"https:\/\/www.werkenbijdasko.nl\/wp-content\/uploads\/2021\/10\/dasko.jpg","contentUrl":"https:\/\/www.werkenbijdasko.nl\/wp-content\/uploads\/2021\/10\/dasko.jpg","width":469,"height":200,"caption":"Dasko"},"image":{"@id":"https:\/\/www.werkenbijdasko.nl\/#\/schema\/logo\/image\/"}}]}},"_links":{"self":[{"href":"https:\/\/www.werkenbijdasko.nl\/pl\/wp-json\/wp\/v2\/pages\/262896","targetHints":{"allow":["GET"]}}],"collection":[{"href":"https:\/\/www.werkenbijdasko.nl\/pl\/wp-json\/wp\/v2\/pages"}],"about":[{"href":"https:\/\/www.werkenbijdasko.nl\/pl\/wp-json\/wp\/v2\/types\/page"}],"author":[{"embeddable":true,"href":"https:\/\/www.werkenbijdasko.nl\/pl\/wp-json\/wp\/v2\/users\/14"}],"replies":[{"embeddable":true,"href":"https:\/\/www.werkenbijdasko.nl\/pl\/wp-json\/wp\/v2\/comments?post=262896"}],"version-history":[{"count":0,"href":"https:\/\/www.werkenbijdasko.nl\/pl\/wp-json\/wp\/v2\/pages\/262896\/revisions"}],"wp:attachment":[{"href":"https:\/\/www.werkenbijdasko.nl\/pl\/wp-json\/wp\/v2\/media?parent=262896"}],"curies":[{"name":"wp","href":"https:\/\/api.w.org\/{rel}","templated":true}]}}